{"id":498,"date":"2015-05-21T13:24:49","date_gmt":"2015-05-21T13:24:49","guid":{"rendered":"https:\/\/jankarski.com\/?page_id=498"},"modified":"2017-05-26T02:28:06","modified_gmt":"2017-05-26T06:28:06","slug":"viewers-comments","status":"publish","type":"page","link":"https:\/\/jankarski.com\/?page_id=498","title":{"rendered":"Viewers Comments"},"content":{"rendered":"<p><a href=\"https:\/\/jankarski.com\/wp-content\/uploads\/2015\/05\/Motifs4.jpg\"><img loading=\"lazy\" decoding=\"async\" class=\"alignnone size-medium wp-image-512\" src=\"https:\/\/jankarski.com\/wp-content\/uploads\/2015\/05\/Motifs4-300x198.jpg\" alt=\"Motifs4\" width=\"300\" height=\"198\" srcset=\"https:\/\/jankarski.com\/wp-content\/uploads\/2015\/05\/Motifs4-300x198.jpg 300w, https:\/\/jankarski.com\/wp-content\/uploads\/2015\/05\/Motifs4.jpg 720w\" sizes=\"auto, (max-width: 300px) 100vw, 300px\" \/><\/a><a href=\"https:\/\/jankarski.com\/wp-content\/uploads\/2015\/05\/Motifs8.jpg\"><img loading=\"lazy\" decoding=\"async\" class=\"alignnone size-medium wp-image-516\" src=\"https:\/\/jankarski.com\/wp-content\/uploads\/2015\/05\/Motifs8-300x198.jpg\" alt=\"Motifs8\" width=\"300\" height=\"198\" srcset=\"https:\/\/jankarski.com\/wp-content\/uploads\/2015\/05\/Motifs8-300x198.jpg 300w, https:\/\/jankarski.com\/wp-content\/uploads\/2015\/05\/Motifs8.jpg 720w\" sizes=\"auto, (max-width: 300px) 100vw, 300px\" \/><\/a><\/p>\n<p><span style=\"font-size: 22pt;\"> Viewers Comments<\/span><\/p>\n<p><strong><span style=\"font-size: 16pt;\"> Below find some comments, from the people who watched &#8220;Karski &amp; The Lords of Humanity&#8221; on the big screen, and which i receive daily.<\/span><\/strong><\/p>\n<p><span style=\"font-size: 16pt;\">&#8220;I thought it to be one of the most powerful documentary&#8217;s on the subject of the Holocaust that i have ever seen.&#8221;<\/span><\/p>\n<p><span style=\"font-size: 16pt;\">&#8220;An extraordinary experience and we can attest that it is something that you should not miss, a singular experience in your lives.&#8221;<\/span><\/p>\n<p><span style=\"font-size: 16pt;\">&#8220;What an achievement, i don&#8217;t know how you lived through this amazing shocking material and brought us this shining hero and his whole beautiful and brave journeyman.&#8221; Lee<\/span><\/p>\n<p><span style=\"font-size: 16pt;\">&#8220;Nicole and I saw the film here in Washington last night and it was an extraordinary experience. NIKKI AND I CAN BOTH ATTEST THAT IT IS SOMETHING THAT YOU SHOULD NOT MISS, A SINGULAR EXPERIENCE IN YOUR LIVES.&#8221;<\/span><\/p>\n<p><span style=\"font-size: 16pt;\">MILTON<\/span><\/p>\n<p><span style=\"font-size: 16pt;\">&#8220;One of the best documentary movies I&#8217;ve seen. So good, you don&#8217;t notice it&#8217;s a documentary. The animation elevates it to artistic heights , while distinguishing it from other documentaries which normally escape to the cheesy &#8220;docudrama&#8221;. <\/span><span style=\"font-size: 16pt;\">Deeply moving story of a true hero of humanity. People like Karski allow us to believe in humanity despite the faulty nature of human beings. The most important message is very simple-we can chose whether to be good people or evil.&#8221;<\/span><\/p>\n<p><span style=\"font-size: 16pt;\">Olimpia<\/span><\/p>\n<p><span style=\"font-size: 16pt;\">&#8220;Fantastic. I went with two Holocaust professors. We all loved it. I loved the blending of archival footage, animation, interviews and narration. \u2026 Really great portrait of the man, of the human being. Bravo. I liked the animation to help the mind&#8217;s eye of the viewer while people were talking. Really well done.&#8221; \u201eFantastyczny. By\u0142am z profesorem Holokaustu. Wszyscy byli\u015bmy zachwyceni. Bardzo mi si\u0119 podoba\u0142 pomys\u0142 po\u0142\u0105czenia filmu archiwalnego, animacji, wywiad\u00f3w i narracji. Naprawd\u0119 wspania\u0142y portret m\u0119\u017cczyzny, prawdziwego cz\u0142owieka. Podoba\u0142o mi si\u0119, \u017ce animacja pomaga wyobra\u017ani widza w trakcie opowie\u015bci. Naprawd\u0119 \u015bwietny.\u201d Leora T.<\/span><\/p>\n<p><span style=\"font-size: 16pt;\"> &#8220;Fantastic film. Well done! This story continues to be relevant and important today.&#8221; \u201eFantastyczny film. Brawo! Tematyka jest ca\u0142y czas trafna i wa\u017cna, zw\u0142aszcza w dzisiejszych czasach.\u201d Amanda C.<\/span><\/p>\n<p><span style=\"font-size: 16pt;\"> &#8220;W\u0142a\u015bnie wyszli\u015bmy z kina&#8230; Pawe\u0142 wzruszony, \u017ce zaniem\u00f3wi\u0142, chodzi sam przede mn\u0105\u2026. niesamowite dzie\u0142o.&#8221; &#8220;We just left the cinema&#8230; Pawel so moved he was speechless&#8230; walking in front of me, alone&#8230; An incredible work of art.&#8221; Anna Maria O.B.<\/span><\/p>\n<p><span style=\"font-size: 16pt;\"> &#8220;Ogl\u0105da\u0142em Tw\u00f3j film. Po zako\u0144czeniu musia\u0142em odczeka\u0107 5, 10 a mo\u017ce 15, 20 minut aby zacz\u0105\u0107 normalnie oddycha\u0107 i jeszcze troch\u0119 czasu aby prze\u0142kn\u0105\u0107 \u015blin\u0119. Dokument o tak trudnych i strasznych wydarzeniach wg. mnie DOSKONA\u0141Y !!!!! Ty dokona\u0142e\u015b WIELKIEJ RZECZY &#8211; zostawi\u0142e\u015b miejsce dla mnie, dla ogl\u0105daj\u0105cego miejsce i czas na moj\u0105 w\u0142asn\u0105 przestrze\u0144, na moj\u0105 w\u0142asn\u0105 empati\u0119, wra\u017cliwo\u015b\u0107, kt\u00f3ra mog\u0142a sama od mojego wn\u0119trza si\u0119 uruchomi\u0107. WIELKIE WIELKIE UZNANIE &#8221; &#8220;I saw your film. When it ended, I had to wait 5, 10, maybe even 15 or 20 or more minutes to start breathing and swallowing normally again. A doco about such difficult and terrible events. In my opinion, PERFECTION!!!! You did a GREAT THING &#8211; leaving room for me, room for the viewer, and time for my own space, time for my own empathy, my own sensitivity, able to be mobilised from within. GREAT, GREAT RESPECT.&#8221; pawsz &#8220;Film rewelacyjny, pi\u0119knie zrobiony, bardzo ciekawy. Ogl\u0105da si\u0119 go z zapartym tchem i ws\u0142uchuje si\u0119 w ka\u017cde s\u0142owo. Dostarcza ogromu emocji, porusza niesamowitymi scenami, posta\u0107 Karskiego jest pi\u0119knie pokazana. Super wysz\u0142o z t\u0105 animacj\u0105. M\u0105dry film ku przestrodze! Podj\u0105\u0142e\u015b si\u0119 trudnego zadania i warto by\u0142o, wielkie, wielkie gratulacje. Dzi\u0119ki za wzruszenia i \u0142zy, kt\u00f3rych nam dostarczy\u0142e\u015b i ubogaci\u0142e\u015b nasz\u0105 dusz\u0119.&#8221; &#8220;The film is a revelation, beautifully made, very interesting. I held my breath and listened to its every word. It brought a flood of emotions, the scenes were incredibly moving, Karski&#8217;s portrait was beautiful. The animations were a superb idea. A clever film, serving as a warning! You took a difficult task on and made it into a success. Many, many congratulations. Thank you for the emotions and the tears that you gave us, enriching our souls.&#8221; Ryszarda R.<\/span><\/p>\n<p><span style=\"font-size: 16pt;\"> &#8220;Dzi\u0119ki twojej pracy oraz talentowi \u015bwiat staje si\u0119 lepszym ka\u017cdego dnia. I am sure that Jan Karski would have been proud of you and the film. Congratulations!!!!!&#8221; &#8220;Thanks to your work and your talent, the world is becoming a better place every day. I am sure that Jan Karski would have been proud of you and the film. Congratulations!!!!!&#8221; Pawel H.<\/span><\/p>\n<p><span style=\"font-size: 16pt;\"> &#8220;Ciesz\u0119 si\u0119 ogromnie, i sama lektura tekstu Sobolewskiego przypomnia\u0142a mi, jaki dobry film uda\u0142o Ci si\u0119 zrobi\u0107, co w tym przypadku &#8211; przyznaj\u0119 &#8211; uwa\u017ca\u0142am za rzecz niemal niemo\u017cliw\u0105\u2026 Taka bia\u0142o-czarna historia, taka znana, taka heroiczna do niemo\u017cliwo\u015bci&#8230; Naprawd\u0119 uda\u0142o Ci si\u0119 co\u015b wyj\u0105tkowego, a w tym przypadku &#8211; to co\u015b tak\u017ce bardzo wa\u017cnego. Ciesz\u0119 si\u0119 troch\u0119 jak dziecko i&#8230;.dzi\u0119kuj\u0119:) S\u0142odkie uczucie.&#8221; \u201eI am incredibly happy, and the reading of Sobolewski\u2019s text alone reminded me of what a good film you\u2019ve managed to make, which, in this case \u2013 I admit \u2013 I believe was an impossible task\u2026 This black and white story, so well-known, so impossibly heroic \u2026 Really, you have managed to do something quite exceptional, and in this case \u2013 also something very important. I am as pleased as a little child and \u2026 thank you:) A sweet sensation. Monika F.<\/span><\/p>\n<p><span style=\"font-size: 16pt;\">&#8220;To niebywa\u0142e, dzi\u0119ki ze dzi\u0119ki Tobie wi\u0119cej si\u0119 dowiedzia\u0142em o Karskim. On by\u0142 wielki, podziwiam Twoj\u0105 bezkompromisowo\u015b\u0107 i odwag\u0119.&#8221; &#8220;It&#8217;s amazing. Thanks to you I was able to learn more about Karski. He was a great man. I&#8217;m in awe of your uncompromising stance and courage.&#8221; Adam R. &#8220;Gor\u0105co polecam ten film. Pi\u0119kna opowie\u015b\u0107 o prawdziwym bohaterze. Nadal jestem pod wra\u017ceniem. Gratuluj\u0119!&#8221; &#8220;I recommend this film highly. A beautiful story about a real hero. I&#8217;m still spellbound. Congratulations.&#8221; Malgorzata T.<\/span><\/p>\n<p><span style=\"font-size: 16pt;\">&#8220;W\u0142a\u015bnie wr\u00f3ci\u0142am z kina. Trudno si\u0119 otrz\u0105sn\u0105\u0107, trudno zrozumie\u0107 bezczynno\u015b\u0107 i polityk\u0119 \u015bwiata. Nie wiem, jak Jan Karski by\u0142 w stanie funkcjonowa\u0107 po wojnie z takimi obrazami pod powiekami i ca\u0142\u0105 swoj\u0105 wiedz\u0105. Bohater! Ja opr\u00f3cz obraz\u00f3w zag\u0142ady \u017byd\u00f3w zapami\u0119tam do ko\u0144ca \u017cycia opowie\u015b\u0107 Karskiego o spotkaniach z wielkimi \u00f3wczesnego \u015bwiata, szczeg\u00f3lnie reakcj\u0119 Edena, Roosevelta i Franfurtera. \u0141zy\u2026&#8221; &#8220;I just got back from the cinema. It&#8217;s so difficult to shake it off, so difficult to understand the world&#8217;s inaction and politics. I don&#8217;t know how Jan Karski was able to function after the war with such images etched into his retinas, and all his knowledge. A hero! As for me, apart from the images of the Holocaust of the Jews, I will remember the stories told by Karski for the rest of my life, about meetings with the world&#8217;s giants of the day, especially reactions of Eden, Roosevelt and Frankfurter. Tears&#8230;.&#8221; Beata M.<\/span><\/p>\n<p><span style=\"font-size: 16pt;\"> &#8220;My wife and I just got home from watching your film @ Luna Theatre and we loved it. Karski was already somewhat a role model for me, and now more so than ever. The complexity of being this noble, good looking, educated man, mixed with his incredible sensitivity and empathy followed by the tragedy of having seen such horrors and yet no one in the West believing him, or if they did believe him, refusing to do anything about it. You can see he took this burden with him all the way to the grave. Chapeau bas on a great piece of work about a great man.&#8221; \u201eWr\u00f3ci\u0142em w\u0142a\u015bnie z \u017con\u0105 z filmu w Luna Theatre i niesamowicie nam si\u0119 podoba\u0142. Karski i tak by\u0142 dla mnie pewnego rodzaju bohaterem, a teraz jeszcze wi\u0119kszym. Co to by\u0142 za kompleksowy cz\u0142owiek. Szlachetny, przystojny, wykszta\u0142cony, posiadaj\u0105cy niebywa\u0142\u0105 wra\u017cliwo\u015b\u0107 i empati\u0119, po takiej tragedii i do\u015bwiadczeniu takich horror\u00f3w, a nikt na Zachodzie mu nie uwierzy\u0142, odmawiaj\u0105c dzia\u0142ania. Wida\u0107, \u017ce zabra\u0142 ze sob\u0105 ten ci\u0119\u017car a\u017c do grobu. Chapeau bas za wielki kawa\u0142 roboty o wielkim cz\u0142owieku. Ian I.<\/span><\/p>\n<p><span style=\"font-size: 16pt;\"> &#8220;Panie S\u0142awku, chapeau bas! Wspania\u0142y film, bardzo mn\u0105 wstrz\u0105sn\u0105\u0142, bardzo wci\u0105gn\u0105\u0142. \u015awietnie zrobiony \u2013 gratuluj\u0119! Ale\u017c Pan potrz\u0105sn\u0105\u0142 \u015bwiatem. No i musz\u0119 przyzna\u0107, \u017ce to pierwszy dokument, w kt\u00f3rym naprawd\u0119 bardzo podoba\u0142y mi si\u0119 animacje. Pi\u0119kne!&#8221; &#8220;Slawek, hats off! A wonderful film, it really shook me up, pulling me in deeply. Excellent production &#8211; congratulations! You did give the world a shake! And I have to admit this is the first doco I&#8217;ve ever seen in which I really liked animations. Beautiful!&#8221; Ma\u0142gorzata Z.<\/span><\/p>\n<p><span style=\"font-size: 16pt;\"> &#8220;Dopiero po seansie poczu\u0142am, \u017ce paznokcie wbijaj\u0105 mi si\u0119 w zaci\u015bni\u0119te r\u0119ce. Dobrze, \u017ce w kinie jest ciemno i nie wida\u0107 \u0142ez. Chyba nie trzeba ju\u017c nic dodawa\u0107.&#8221; &#8220;It&#8217;s only after the viewing ended that I realised my nails were deeply dug into my clenched fists. Luckily, the cinema was dark so no tears could be seen. Nothing more to be said.&#8221; Monika K.<\/span><\/p>\n<p><span style=\"font-size: 16pt;\">&#8220;I&#8217;ve seen it! It&#8217;s such an amazing and very important story.&#8221; \u201cObejrza\u0142am! To taka wspania\u0142a i bardzo wa\u017cna opowie\u015b\u0107.\u201d Elizabeth R.<\/span><\/p>\n<p><span style=\"font-size: 16pt;\"> &#8220;Widzia\u0142am dzisiaj film. Przede wszystkim powinni go zobaczy\u0107 m\u0142odzi ludzie na ca\u0142ym \u015bwiecie. P\u0142aka\u0142am razem z panem Janem Karskim, trzeba zobaczy\u0107! Nigdy nie zapomnie\u0107 o panu Janie, o tym, o czym opowiada, i nigdy nie dopu\u015bci\u0107 do takich potworno\u015bci.&#8221; &#8220;I watched the film today. Most of all, it must be seen by young people, all over the world. I cried together with Mr Jan Karski, one has to see it. Never forget about Jan, about the stories he&#8217;s been telling, never allow these kinds of monstrosities to happen again.&#8221; Joanna T.<\/span><\/p>\n<p><span style=\"font-size: 16pt;\"> &#8220;Nie wiem, co powiedzie\u0107&#8230;.takie obrazy jak powy\u017cej pora\u017caj\u0105&#8230;nic nie b\u0119d\u0119 zdradza\u0107&#8230;to trzeba zobaczy\u0107 o poczu\u0107 na w\u0142asnej sk\u00f3rze&#8230;zastanawiam si\u0119 tylko, czy &#8220;w\u0142adcy tego \u015bwiata&#8221; wykazaliby r\u00f3wnie\u017c tyle Oboj\u0119tno\u015bci, gdyby to inny Nar\u00f3d by\u0142by bestialsko g\u0142odzony, poni\u017cany i mordowany bestialsko\u2026aby\u015bmy jak Karski Jan &#8212;nigdy tej bezprecedensowej ca\u0142kowitej Zag\u0142ady Jednego Narodu&#8211; nie zapomnieli. Dzi\u0119kuj\u0119 bardzo za ten wyj\u0105tkowy film p. S\u0142awkowi i Katce za wybitny scenariusz ! ! ! MERCI&#8221; \u201eI don\u2019t know what to say \u2026 these images are just shocking \u2026 I\u2019ll say nothing more \u2026 you have to see it, experience it for yourself \u2026 I am just wondering if our \u201cLords of the Humanity\u201d would also show this much Indifference. If it were some other People, bestially starved, degraded and brutally murdered \u2026 Lest we, just like Jan Karski, forget this unprecedented, total Holocaust of One People. Thank you very much for this exceptional film, to Slawek and Katka for her outstanding screenplay! ! ! MERCI\u201d Anna C.<\/span><\/p>\n<p><span style=\"font-size: 16pt;\"> &#8220;Dwie godziny temu obejrza\u0142em Pana film i jestem wci\u0105\u017c pod jego wra\u017ceniem. W wywa\u017cony ale dobitny spos\u00f3b wbija Pan szpilk\u0119 tym, kt\u00f3rzy na to zas\u0142uguj\u0105. Mam nadziej\u0119, \u017ce obejrzy go jak najwi\u0119ksza liczba widz\u00f3w. Prosz\u0119 pozdrowi\u0107 animatora &#8211; bardzo lubi\u0119 ten typ animacji &#8211; minimum ruchu, wyra\u017ana krecha.&#8221; \u201eI saw your film two hours ago and I am still under its spell. You give it to those that deserve it in a balanced but emphatic way. I hope that as many people as possible see it. Please say hello to the animator \u2013 I really like this type of animation \u2013 minimum movement, strong stroke. \u201c Maciej J.<\/span><\/p>\n<p><span style=\"font-size: 16pt;\"> &#8220;W\u0142a\u015bnie wr\u00f3ci\u0142am z kina z filmu &#8220;Karski i W\u0142adcy \u2026&#8221; siedzieli\u015bmy jak trusie w kinie, mimo, ze historia Karskiego tak nam znana a jednak spos\u00f3b pokazania jego \u017cycia i misji tak wci\u0105gaj\u0105cy, \u017ce dech nam zapar\u0142o &#8211; w bardzo dobrym tempie i bez patosu. Pi\u0119kny film, gratulacje! Niezwyk\u0142e zdj\u0119cia archiwalne i pi\u0119kna animacja. Przecie\u017c tyle si\u0119 ju\u017c zdj\u0119\u0107 z wojny i z getta ogl\u0105da\u0142o i wydawa\u0107 by si\u0119 mog\u0142o; c\u00f3\u017c nowego&#8230;a jednak spos\u00f3b przekazania tych zdj\u0119\u0107 w masie jest niesamowity. Brawo! By\u0142am ze znajomymi, kt\u00f3rzy niewiele o Karskim wiedzieli i ich powali\u0142o.&#8221; \u201eI just came back from the cinema, watched \u201cKarski and Lords\u2026\u201d. We sat and watched it as quiet as mice, even though Karski\u2019s story is well-known to us. But the way his life and mission was shown was so fascinating that we held our breaths \u2013 very well paced and with no pathos. A beautiful film, congratulations! Incredible archival footage and stunning animations. After all, we\u2019ve seen so many war and ghetto images and you\u2019d think: what\u2019s new\u2026 however, the method of delivering the images all at once made for incredible viewing. Bravo! I went with who knew very little about Karski and they\u2019re stunned. Ewa A.<\/span><\/p>\n<p><span style=\"font-size: 16pt;\"> I thought that I knew the Jan Karski story well. I cheered the making of the film from the sidelines and believed I knew what to expect. And now I feel that it\u2019s not a film about a hero but about humanity, about Jan, whose curse was his amazing memory and high morals. The clarity of his expression, feelings and emotions he emanates, despite the passage of years\u2026 And when I saw the terrible war-time images I felt that everything in life is relative. When I was going home on this beautiful spring evening with my husband, going through Wroclaw, I asked how many days and how many bodies would we have to see on the sidewalks to stop paying attention and think only of ourselves. And the answer I got is quite possibly true. Reflections? Nothing\u2019s changed. Syria is a good example. But the man called Jan Karski is called something else today. Thank you for the film. Malgorzata W.<\/span><\/p>\n<p><span style=\"font-size: 16pt;\"> Thank you for inviting me to see this fantastic film. This is a new dimension; a type of documentary that never existed before. The film inspired my mum to (finally!) take out documents about my grandmother, who saved Jews during WW2\u2026 She\u2019s my very own Karski. J Joanna B<\/span><\/p>\n<p><span style=\"font-size: 16pt;\"> &#8220;Thank you on behalf of my husband and I for the film, for your wonderful and moving work. I don\u2019t want to say that I cried. Ben, too, but how could you not. The film gives you dignity. Thank you for allowing us to meet Mr Karski. We are moved and it\u2019s a wonderful, important thing.&#8221; Beata D.<\/span><\/p>\n<p><span style=\"font-size: 16pt;\"> &#8220;This doco gets right under your skin. It\u2019s based on the archival materials and footage made about Jan Karski, found by its director. This deceptively lazy narration, commenting on events in a chronological order, opens the door to the deepest and most secret emotions. They bring out the Polish Emissary\u2019s burden and the guilt he felt for the mission that was never accomplished, and for which he was never responsible, but \u2026 those \u201clords of humanity\u201d, and in particular, the USA President, Franklin Delano Roosevelt.&#8221; &#8220;Przejmuj\u0105cy do szpiku ko\u015bci dokument oparty na znalezionych przez re\u017cysera materia\u0142ach archiwalnych i nakr\u0119conych o Janie Karskim film\u00f3w. Prowadzona jakby leniwie rozmowa, komentuj\u0105ca chronologiczny bieg wypadk\u00f3w, otwiera najg\u0142\u0119bsze i skrywane emocje, kt\u00f3re ujawniaj\u0105 ci\u0119\u017car gatunkowy prze\u017cy\u0107 Emisariusza z Polski oraz gn\u0119bi\u0105ce go poczucie winy za niespe\u0142nion\u0105 do ko\u0144ca misj\u0119, za co przecie\u017c nie on by\u0142 odpowiedzialny, a&#8230; owi &#8220;w\u0142adcy ludzko\u015bci&#8221;, w tym szczeg\u00f3lnie prezydent USA Franklin Delano Roosevelt.&#8221; Joanna G.<\/span><\/p>\n","protected":false},"excerpt":{"rendered":"<p>Viewers Comments Below find some comments, from the people who watched &#8220;Karski &amp; The Lords of Humanity&#8221; on the big screen, and which i receive daily. &#8220;I thought it to be one of the most powerful documentary&#8217;s on the subject of the Holocaust that i have ever seen.&#8221; &#8220;An extraordinary experience and we can attest [&hellip;]<\/p>\n","protected":false},"author":2,"featured_media":0,"parent":0,"menu_order":0,"comment_status":"closed","ping_status":"open","template":"","meta":{"footnotes":""},"class_list":["post-498","page","type-page","status-publish","hentry"],"aioseo_notices":[],"_links":{"self":[{"href":"https:\/\/jankarski.com\/index.php?rest_route=\/wp\/v2\/pages\/498","targetHints":{"allow":["GET"]}}],"collection":[{"href":"https:\/\/jankarski.com\/index.php?rest_route=\/wp\/v2\/pages"}],"about":[{"href":"https:\/\/jankarski.com\/index.php?rest_route=\/wp\/v2\/types\/page"}],"author":[{"embeddable":true,"href":"https:\/\/jankarski.com\/index.php?rest_route=\/wp\/v2\/users\/2"}],"replies":[{"embeddable":true,"href":"https:\/\/jankarski.com\/index.php?rest_route=%2Fwp%2Fv2%2Fcomments&post=498"}],"version-history":[{"count":11,"href":"https:\/\/jankarski.com\/index.php?rest_route=\/wp\/v2\/pages\/498\/revisions"}],"predecessor-version":[{"id":1807,"href":"https:\/\/jankarski.com\/index.php?rest_route=\/wp\/v2\/pages\/498\/revisions\/1807"}],"wp:attachment":[{"href":"https:\/\/jankarski.com\/index.php?rest_route=%2Fwp%2Fv2%2Fmedia&parent=498"}],"curies":[{"name":"wp","href":"https:\/\/api.w.org\/{rel}","templated":true}]}}